{"id":92,"date":"2025-08-21T11:42:30","date_gmt":"2025-08-21T11:42:30","guid":{"rendered":"http:\/\/projetv.cluster021.hosting.ovh.net\/?page_id=92"},"modified":"2025-12-30T14:05:55","modified_gmt":"2025-12-30T14:05:55","slug":"amusique","status":"publish","type":"page","link":"https:\/\/projetkellynoide.fr\/index.php\/oeuvres\/oeuvres-interactives\/amusique\/","title":{"rendered":"Amusique"},"content":{"rendered":"<h1 class=\"wp-block-heading\" id=\"la-muse-comme-passage-vers-limaginaire\">La <em>muse comme passage vers l&rsquo;imaginaire<\/em>\n<\/h1>\n\n\n\n<figure class=\"wp-block-embed is-type-video is-provider-youtube wp-block-embed-youtube wp-embed-aspect-16-9 wp-has-aspect-ratio\"><div class=\"wp-block-embed__wrapper\">\n<iframe loading=\"lazy\" title=\"Amusique Zebrastraat Ghent (2025)\" width=\"880\" height=\"495\" src=\"https:\/\/www.youtube.com\/embed\/UNM1IOyIG2g?feature=oembed\" frameborder=\"0\" allow=\"accelerometer; autoplay; clipboard-write; encrypted-media; gyroscope; picture-in-picture; web-share\" referrerpolicy=\"strict-origin-when-cross-origin\" allowfullscreen><\/iframe>\n<\/div><\/figure>\n\n\n<h2 class=\"wp-block-heading\" id=\"sculpture-et-realite-virtuelle\">Sculpture et r&eacute;alit&eacute; virtuelle<\/h2>\n\n\n\n<p>En collaboration avec l\u2019artiste performeuse et chanteuse Kelly M\u00e9zino, nous nous r\u00e9approprions la c\u00e9l\u00e8bre photographie \u201cLe Violon d\u2019Ingres\u201d de Man Ray qui pr\u00e9sente le dos de Kiki de Montparnasse d\u00e9cor\u00e9 de deux ou\u00efes de violon.<\/p>\n\n\n\n<p>Dans cette \u0153uvre d\u2019art num\u00e9rique, nous utilisons le sens du toucher, de la vue et de l\u2019ou\u00efe pour recr\u00e9er le lien entre l\u2019artiste, le mod\u00e8le et le spectateur. Le spectateur, \u00e9quip\u00e9 d\u2019un casque de r\u00e9alit\u00e9 virtuelle, est invit\u00e9 \u00e0 caresser le moulage en silicone \u00e9quip\u00e9 de capteurs de pression du dos de l\u2019artiste Kelly M\u00e9zino. \u00c0 travers ce casque, en fonction du toucher du spectateur, le double num\u00e9rique de la mod\u00e8le se mettra \u00e0 chanter et son dos virtuel se recouvrira de tatouages anim\u00e9s. Ainsi, la symbolique et la sensualit\u00e9 de la photographie originale se transforme en sublimant ce corps de femme comme instrument de musique..<\/p>\n\n\n\n<figure class=\"wp-block-image\"><img decoding=\"async\" src=\"https:\/\/cplessiet.fr\/wp-content\/uploads\/2025\/03\/20250220_144458-576x1024.jpg\" alt=\"\" class=\"wp-image-366\"\/><\/figure>\n\n\n<h2 class=\"wp-block-heading\" id=\"le-modele-ou-la-muse\">Le mod&egrave;le ou la muse?<\/h2>\n\n\n\n<figure class=\"wp-block-image\"><img decoding=\"async\" src=\"https:\/\/cplessiet.fr\/wp-content\/uploads\/2025\/03\/6a00e553c8c40f88330120a5d34ab5970b-1.jpg\" alt=\"\" class=\"wp-image-365\"\/><\/figure>\n\n\n\n<blockquote class=\"wp-block-quote is-layout-flow wp-block-quote-is-layout-flow\">\n<p>Lorsque Man Ray regarde le dos de sa muse Kiki, que voit-il ? Un dos ? Un violon ? Qu\u2019est-ce qui diff\u00e9rencie alors le mod\u00e8le de la muse ? Que voit l\u2019artiste quand il regarde sa mod\u00e8le ou cr\u00e9e une \u0153uvre ? La beaut\u00e9 d\u2019un corps ? Au-del\u00e0 ?<\/p>\n<\/blockquote>\n\n\n\n<p><em>\u201c<\/em>Amusique<em>\u201c<\/em> s\u2019inscrit dans le cadre du <a href=\"https:\/\/cplessiet.fr\/recherches\/projet-kellynoide\/\">projet Kellynoide,<\/a> une s\u00e9rie d\u2019\u0153uvres num\u00e9riques explorant la cr\u00e9ation d\u2019un acteur virtuel, la Kellyno\u00efde, Double-Autre de l\u2019artiste plurielle, Kelly M\u00e9zino, \u00e0 la fronti\u00e8re entre l\u2019art, la technologie, et l\u2019imaginaire . Aux c\u00f4t\u00e9s de \u201c<a href=\"https:\/\/cplessiet.fr\/line_eng\/\">Line\u201d<\/a>, une autre pi\u00e8ce s\u2019appuyant sur la Kellyno\u00efde, \u201cAmusique\u201d poursuit notre qu\u00eate de fusionner l\u2019art traditionnel avec les innovations technologiques. Inspir\u00e9e par \u201cLe Violon d\u2019Ingres\u201d de Man Ray, \u201cAmusique\u201d rend hommage \u00e0 Kiki de Montparnasse, non seulement comme mod\u00e8le, mais comme une v\u00e9ritable porte vers l\u2019imaginaire. \u00c0 travers cette \u0153uvre, nous cherchons \u00e0 montrer que la muse transcende son r\u00f4le de mod\u00e8le pour devenir une source in\u00e9puisable de cr\u00e9ativit\u00e9 et de r\u00eave. En int\u00e9grant des technologies interactives et immersives, \u201cAmusique\u201d invite les spectateurs \u00e0 une exp\u00e9rience sensorielle unique, o\u00f9 l\u2019art et la r\u00e9alit\u00e9 virtuelle se rencontrent pour cr\u00e9er des mondes oniriques et surr\u00e9alistes.<\/p>\n\n\n<h2 class=\"wp-block-heading\" id=\"sculpture-numerique-moulage-et-impression-3d\">Sculpture num&eacute;rique, moulage et impression 3D<\/h2>\n\n\n\n<p>Nous avons commenc\u00e9 par une s\u00e9ance de pose avec Kelly pour nous assurer que nous \u00e9tions tous d\u2019accord sur la posture et l\u2019expression de \u201cAmusique\u201d. Cette \u00e9tape \u00e9tait cruciale pour capturer l\u2019essence de notre vision artistique. Une fois la pose d\u00e9finie, nous avons entrepris les premiers tests de mod\u00e9lisation en utilisant <a href=\"https:\/\/cplessiet.fr\/developpement\/taupipeline\/\">Taupipeline<\/a> qui int\u00e8grent des logiciels comme Blender, ZBrush et Houdini. Ces outils nous ont permis de cr\u00e9er une image en 3D d\u00e9taill\u00e9e et fid\u00e8le \u00e0 notre concept initial. Cette phase de mod\u00e9lisation a \u00e9t\u00e9 essentielle pour donner vie \u00e0 \u201cAmusique\u201d et pr\u00e9parer les \u00e9tapes suivantes de notre projet.<\/p>\n\n\n\n<figure class=\"wp-block-image\"><img decoding=\"async\" src=\"https:\/\/cplessiet.fr\/wp-content\/uploads\/2025\/03\/WhatsApp-Image-2025-03-02-a-12.53.33_81bc9d81.jpg\" alt=\"\" class=\"wp-image-368\"\/><\/figure>\n\n\n\n<p>Apr\u00e8s avoir finalis\u00e9 la mod\u00e9lisation en 3D, nous avons proc\u00e9d\u00e9 \u00e0 l\u2019impression d\u2019une figurine de Kelly Mezino grace \u00e0 une imprimante 3D, ainsi qu\u2019une de premi\u00e8re version du buste d&rsquo;\u201dAmusique\u201d que le public sera amen\u00e9 \u00e0 caresser. Cette version imprim\u00e9e en PLA nous a permis de visualiser concr\u00e8tement notre \u0153uvre et d\u2019apporter les ajustements n\u00e9cessaires.<\/p>\n\n\n\n<figure class=\"wp-block-image\"><img decoding=\"async\" src=\"https:\/\/cplessiet.fr\/wp-content\/uploads\/2025\/03\/WhatsApp-Image-2025-03-02-a-12.53.33_8dbaeccf-3-768x1024.jpg\" alt=\"\" class=\"wp-image-384\"\/><\/figure>\n\n\n\n<p>Parall\u00e8lement, nous avons cr\u00e9\u00e9 des images de synth\u00e8se de ce que verra le spectateur pour documenter chaque \u00e9tape du processus et garantir la fid\u00e9lit\u00e9 de notre vision artistique. Ces images ont \u00e9t\u00e9 essentielles pour affiner les d\u00e9tails et pr\u00e9parer la version finale de \u201cAmusique\u201d.<\/p>\n\n\n\n<figure class=\"wp-block-image\"><img decoding=\"async\" src=\"https:\/\/cplessiet.fr\/wp-content\/uploads\/2025\/03\/WhatsApp-Image-2025-03-02-a-16.21.39_56ea8249-724x1024.jpg\" alt=\"\" class=\"wp-image-389\"\/><\/figure>\n\n\n\n<p>Apr\u00e8s avoir finalis\u00e9 la premi\u00e8re version imprim\u00e9e en 3D et les images de r\u00e9f\u00e9rence, nous avons r\u00e9alis\u00e9 une impression grandeur nature du moule du buste. Cette \u00e9tape nous a permis de cr\u00e9er une peau en silicone, simulant ainsi la texture r\u00e9aliste de la peau humaine. Ce processus a \u00e9t\u00e9 crucial pour donner \u00e0 \u201cAmusique\u201d une apparence authentique et tactile, renfor\u00e7ant l\u2019immersion et l\u2019interaction avec l\u2019\u0153uvre.<\/p>\n\n\n\n<figure class=\"wp-block-image\"><img decoding=\"async\" src=\"https:\/\/cplessiet.fr\/wp-content\/uploads\/2025\/03\/WhatsApp-Image-2025-03-02-a-12.53.52_03e0d194-768x1024.jpg\" alt=\"\" class=\"wp-image-378\"\/><\/figure>\n\n\n<h2 class=\"wp-block-heading\" id=\"capteurs-et-arduino\">Capteurs et Arduino<\/h2>\n\n\n\n<p>Pour rendre la surface de \u201cAmusique\u201d tactile, nous avons int\u00e9gr\u00e9 des capteurs de pression connect\u00e9s \u00e0 des modules Arduino. Ces capteurs permettent de percevoir les caresses que les spectateurs prodigueront \u00e0 la sculpture en silicone. Afin d\u2019installer cette \u00e9lectronique de mani\u00e8re optimale, nous avons r\u00e9imprim\u00e9 la structure interne du buste avec des am\u00e9nagements sp\u00e9cifiques. Cette structure interne est ensuite recouverte par une couche de silicone, simulant la texture de la peau humaine tout en int\u00e9grant les capteurs de pression. Cette innovation permet une interaction unique et immersive entre l\u2019\u0153uvre et le public.<\/p>\n\n\n\n<figure class=\"wp-block-image\"><img decoding=\"async\" src=\"https:\/\/cplessiet.fr\/wp-content\/uploads\/2025\/03\/WhatsApp-Image-2025-01-14-a-16.17.04_35a0f837-1-768x1024.jpg\" alt=\"\" class=\"wp-image-416\"\/><\/figure>\n\n\n<h1 class=\"wp-block-heading\" id=\"le-monde-imaginaire\">Le monde imaginaire<\/h1>\n\n\n<h2 class=\"wp-block-heading\" id=\"immersion-et-realite-virtuelle\">Immersion et r&eacute;alit&eacute; virtuelle<\/h2>\n\n\n\n<p>L\u2019id\u00e9e que Kelly M\u00e9zino et moi avons d\u00e9velopp\u00e9e est de faire du corps de la muse un passage vers l\u2019imaginaire. Nous utilisons la r\u00e9alit\u00e9 virtuelle comme moyen de parcourir les r\u00eaves et l\u2019imaginaire. Ainsi, nous avons cr\u00e9\u00e9 des environnements interactifs, contr\u00f4l\u00e9s par les capteurs int\u00e9gr\u00e9s dans le dos du buste en silicone. Ces capteurs permettent aux spectateurs de traverser des \u00e9v\u00e9nements qui vont d\u2019un hommage direct \u00e0 la photographie de Man Ray \u00e0 des univers inspir\u00e9s de De Chirico, Magritte ou Pr\u00e9vert. Cette approche immersive et interactive transforme \u201cAmusique\u201d en une exp\u00e9rience unique, o\u00f9 la muse devient une porte vers des mondes oniriques et surr\u00e9alistes.<\/p>\n\n\n\n<figure class=\"wp-block-image\"><img decoding=\"async\" src=\"https:\/\/cplessiet.fr\/wp-content\/uploads\/2025\/03\/WhatsApp-Image-2025-02-07-a-13.08.38_962dd816-1-991x1024.jpg\" alt=\"\" class=\"wp-image-426\"\/><\/figure>\n\n\n<h2 class=\"wp-block-heading\" id=\"interaction-et-touchee\">Interaction et touch&eacute;e<\/h2>\n\n\n\n<p>L\u2019immersion gr\u00e2ce au casque de r\u00e9alit\u00e9 virtuelle permet au spectateur de vivre une exp\u00e9rience de r\u00eave surr\u00e9aliste. Cette vue immersive, interactive et \u00e0 360 degr\u00e9s, combin\u00e9e \u00e0 la mat\u00e9rialisation des mains du spectateur par l\u2019interm\u00e9diaire d\u2019un Leap Motion, renforce cette impression onirique. Les spectateurs peuvent ainsi interagir avec les environnements virtuels que nous avons cr\u00e9\u00e9s, se d\u00e9pla\u00e7ant \u00e0 travers des univers inspir\u00e9s de De Chirico, Magritte ou Pr\u00e9vert. Cette technologie permet de transformer \u201cAmusique\u201d en une exp\u00e9rience sensorielle compl\u00e8te, o\u00f9 l\u2019imaginaire prend vie de mani\u00e8re tangible et immersive.<\/p>\n\n\n\n<figure class=\"wp-block-image\"><img decoding=\"async\" src=\"https:\/\/cplessiet.fr\/wp-content\/uploads\/2025\/03\/20250220_142237-1-576x1024.jpg\" alt=\"\" class=\"wp-image-429\"\/><\/figure>\n\n\n<h1 class=\"wp-block-heading\" id=\"ntaa25-zebrastraat-ghent\">NTAa&rsquo;25 Zebrastraat Ghent<\/h1>\n\n\n\n<p>\u00a0\u201cAmusique\u201d est pr\u00e9sent\u00e9e au Zebrastraat de Gand en Belgique dans le cadre du NTAa \u201925, une exposition qui c\u00e9l\u00e8bre l\u2019intersection entre le surr\u00e9alisme et l\u2019intelligence artificielle. du 20 f\u00e9vrier au 8 juin 2025. Il fait partie des 22 oeuvres selectionn\u00e9s par le commissaire Thierry Dufr\u00eane. <br><a href=\"https:\/\/www.facebook.com\/plugins\/video.php?height=314&amp;href=https%3A%2F%2Fwww.facebook.com%2Fnewtechnologicalartaward%2Fvideos%2F1322879318835723%2F&amp;show_text=false&amp;width=560&amp;t=0\">Video link<\/a><\/p>\n\n\n\n<div data-wp-interactive=\"core\/file\" class=\"wp-block-file\"><object data-wp-bind--hidden=\"!state.hasPdfPreview\" hidden class=\"wp-block-file__embed\" data=\"http:\/\/projetkellynoide.fr\/wp-content\/uploads\/2025\/10\/2506111216.pdf\" type=\"application\/pdf\" style=\"width:100%;height:1150px\" aria-label=\"Contenu embarqu\u00e9 Plaquette.\"><\/object><a id=\"wp-block-file--media-64488405-006a-433d-9313-81fc51476f16\" href=\"http:\/\/projetkellynoide.fr\/wp-content\/uploads\/2025\/10\/2506111216.pdf\">Plaquette<\/a><a href=\"http:\/\/projetkellynoide.fr\/wp-content\/uploads\/2025\/10\/2506111216.pdf\" class=\"wp-block-file__button wp-element-button\" download aria-describedby=\"wp-block-file--media-64488405-006a-433d-9313-81fc51476f16\">T\u00e9l\u00e9charger<\/a><\/div>\n","protected":false},"excerpt":{"rendered":"<p>La muse comme passage vers l&rsquo;imaginaire Sculpture et r&eacute;alit&eacute; virtuelle En collaboration avec l\u2019artiste performeuse et chanteuse Kelly M\u00e9zino, nous<\/p>\n<p><a href=\"https:\/\/projetkellynoide.fr\/index.php\/oeuvres\/oeuvres-interactives\/amusique\/\" class=\"more-link\">Continue reading<span class=\"screen-reader-text\">Amusique<\/span><\/a><\/p>\n","protected":false},"author":1,"featured_media":0,"parent":29,"menu_order":0,"comment_status":"closed","ping_status":"closed","template":"","meta":{"footnotes":""},"class_list":["post-92","page","type-page","status-publish","hentry"],"_links":{"self":[{"href":"https:\/\/projetkellynoide.fr\/index.php\/wp-json\/wp\/v2\/pages\/92","targetHints":{"allow":["GET"]}}],"collection":[{"href":"https:\/\/projetkellynoide.fr\/index.php\/wp-json\/wp\/v2\/pages"}],"about":[{"href":"https:\/\/projetkellynoide.fr\/index.php\/wp-json\/wp\/v2\/types\/page"}],"author":[{"embeddable":true,"href":"https:\/\/projetkellynoide.fr\/index.php\/wp-json\/wp\/v2\/users\/1"}],"replies":[{"embeddable":true,"href":"https:\/\/projetkellynoide.fr\/index.php\/wp-json\/wp\/v2\/comments?post=92"}],"version-history":[{"count":3,"href":"https:\/\/projetkellynoide.fr\/index.php\/wp-json\/wp\/v2\/pages\/92\/revisions"}],"predecessor-version":[{"id":377,"href":"https:\/\/projetkellynoide.fr\/index.php\/wp-json\/wp\/v2\/pages\/92\/revisions\/377"}],"up":[{"embeddable":true,"href":"https:\/\/projetkellynoide.fr\/index.php\/wp-json\/wp\/v2\/pages\/29"}],"wp:attachment":[{"href":"https:\/\/projetkellynoide.fr\/index.php\/wp-json\/wp\/v2\/media?parent=92"}],"curies":[{"name":"wp","href":"https:\/\/api.w.org\/{rel}","templated":true}]}}