{"id":88,"date":"2025-08-21T11:41:51","date_gmt":"2025-08-21T11:41:51","guid":{"rendered":"http:\/\/projetv.cluster021.hosting.ovh.net\/?page_id=88"},"modified":"2025-10-29T17:23:44","modified_gmt":"2025-10-29T17:23:44","slug":"line","status":"publish","type":"page","link":"https:\/\/projetkellynoide.fr\/index.php\/oeuvres\/oeuvres-interactives\/line\/","title":{"rendered":"Line"},"content":{"rendered":"\n<p>Line est une installation de r\u00e9alit\u00e9 virtuelle que nous avons imagin\u00e9e comme notre premi\u00e8re oeuvre artistique commune, Kelly M\u00e9zino et moi. Cette installation offre au spectateur une exp\u00e9rience immersive intime, o\u00f9 il peut explorer un environnement presque totalement obscur et rencontrer le double-autre, la <a href=\"https:\/\/cplessiet.fr\/recherches\/projet-kellynoide\/\">Kellyno\u00efde<\/a>.<\/p>\n\n\n\n<figure class=\"wp-block-embed is-type-video is-provider-youtube wp-block-embed-youtube wp-embed-aspect-16-9 wp-has-aspect-ratio\"><div class=\"wp-block-embed__wrapper\">\n<iframe loading=\"lazy\" title=\"Line Teaser Recto VRso 2023\" width=\"880\" height=\"495\" src=\"https:\/\/www.youtube.com\/embed\/gPUUaWbwkdM?feature=oembed\" frameborder=\"0\" allow=\"accelerometer; autoplay; clipboard-write; encrypted-media; gyroscope; picture-in-picture; web-share\" referrerpolicy=\"strict-origin-when-cross-origin\" allowfullscreen><\/iframe>\n<\/div><\/figure>\n\n\n\n<p>Nous avons voulu transmettre une \u00e9motion profonde et interroger la relation entre l\u2019artiste et le mod\u00e8le. La <a href=\"https:\/\/cplessiet.fr\/recherches\/projet-kellynoide\/\">Kellyno\u00efde<\/a>, un golem \u00e9nigmatique, joue avec le spectateur et se r\u00e9v\u00e8le pudiquement \u00e0 son regard. Le spectateur, dirigeant les faisceaux de lumi\u00e8re avec ses mains, cr\u00e9e une interd\u00e9pendance entre lui et la <a href=\"https:\/\/cplessiet.fr\/recherches\/projet-kellynoide\/\">Kellyno\u00efde<\/a>, une relation qui questionne la fa\u00e7on dont nous regardons et sommes regard\u00e9s.<\/p>\n\n\n\n<p>\u00c0 l\u2019\u00e8re de la r\u00e9alit\u00e9 virtuelle et de la num\u00e9risation, nous explorons des th\u00e9matiques communes telles que la libert\u00e9 et l\u2019autonomie, \u00e0 travers la figure de la muse, et actualisons ainsi le mythe de Pygmalion, cr\u00e9ant une \u0153uvre d\u2019art qui traduit ce lien unique, intime et complexe qui se cr\u00e9e au moment o\u00f9 l\u2019artiste rencontre le corps de sa mod\u00e8le pour en faire un corps\/\u0153uvre.<\/p>\n\n\n\n<p>Le processus de cr\u00e9ation de Line a \u00e9t\u00e9 long et complexe, et a servi de prototype \u00e0 l\u2019\u00e9laboration de la derni\u00e8re version de <a href=\"https:\/\/cplessiet.fr\/developpement\/taupipeline\/\">Taupipeline<\/a>, des <a href=\"https:\/\/cplessiet.fr\/developpement\/taupistool\/\">Taupistools <\/a>et de <a href=\"https:\/\/cplessiet.fr\/developpement\/taupemodel\/\">Taupemodele<\/a>. Nous essayons ainsi de trouver ensemble les \u00e9l\u00e9ments corporels, gestuels, cognitifs et sensoriels les plus \u00e0 m\u00eame d\u2019\u00eatre num\u00e9ris\u00e9s et transform\u00e9s en donn\u00e9es informatiques, puis r\u00e9interpr\u00e9t\u00e9s par nos sensibilit\u00e9s pour en faire une \u0153uvre personnelle.<\/p>\n\n\n\n<p>En somme, Line est une installation de r\u00e9alit\u00e9 virtuelle qui a une importance particuli\u00e8re pour nous, tout d\u2019abord car elle est la premi\u00e8re de ce nouveau processus de cr\u00e9ation, et d\u2019autre part parce qu\u2019elle interroge notre rapport au corps, \u00e0 la beaut\u00e9 et \u00e0 l\u2019autre.<\/p>\n\n\n\n<p>Elle a \u00e9t\u00e9 pr\u00e9sent\u00e9 au festival recto\/verso durant le salon de la r\u00e9alit\u00e9 virtuelle Laval Virtual 2023<\/p>\n\n\n\n<div data-wp-interactive=\"core\/file\" class=\"wp-block-file\"><object data-wp-bind--hidden=\"!state.hasPdfPreview\" hidden class=\"wp-block-file__embed\" data=\"http:\/\/projetkellynoide.fr\/wp-content\/uploads\/2025\/10\/2506110950_FR.pdf\" type=\"application\/pdf\" style=\"width:100%;height:600px\" aria-label=\"Contenu embarqu\u00e9 Line.\"><\/object><a id=\"wp-block-file--media-0d350cd2-b3a7-4b70-81a6-a2bacd25b8a8\" href=\"http:\/\/projetkellynoide.fr\/wp-content\/uploads\/2025\/10\/2506110950_FR.pdf\">Line<\/a><a href=\"http:\/\/projetkellynoide.fr\/wp-content\/uploads\/2025\/10\/2506110950_FR.pdf\" class=\"wp-block-file__button wp-element-button\" download aria-describedby=\"wp-block-file--media-0d350cd2-b3a7-4b70-81a6-a2bacd25b8a8\">T\u00e9l\u00e9charger<\/a><\/div>\n\n\n\n<p><\/p>\n","protected":false},"excerpt":{"rendered":"<p>Line est une installation de r\u00e9alit\u00e9 virtuelle que nous avons imagin\u00e9e comme notre premi\u00e8re oeuvre artistique commune, Kelly M\u00e9zino et<\/p>\n<p><a href=\"https:\/\/projetkellynoide.fr\/index.php\/oeuvres\/oeuvres-interactives\/line\/\" class=\"more-link\">Continue reading<span class=\"screen-reader-text\">Line<\/span><\/a><\/p>\n","protected":false},"author":1,"featured_media":0,"parent":29,"menu_order":0,"comment_status":"closed","ping_status":"closed","template":"","meta":{"footnotes":""},"class_list":["post-88","page","type-page","status-publish","hentry"],"_links":{"self":[{"href":"https:\/\/projetkellynoide.fr\/index.php\/wp-json\/wp\/v2\/pages\/88","targetHints":{"allow":["GET"]}}],"collection":[{"href":"https:\/\/projetkellynoide.fr\/index.php\/wp-json\/wp\/v2\/pages"}],"about":[{"href":"https:\/\/projetkellynoide.fr\/index.php\/wp-json\/wp\/v2\/types\/page"}],"author":[{"embeddable":true,"href":"https:\/\/projetkellynoide.fr\/index.php\/wp-json\/wp\/v2\/users\/1"}],"replies":[{"embeddable":true,"href":"https:\/\/projetkellynoide.fr\/index.php\/wp-json\/wp\/v2\/comments?post=88"}],"version-history":[{"count":4,"href":"https:\/\/projetkellynoide.fr\/index.php\/wp-json\/wp\/v2\/pages\/88\/revisions"}],"predecessor-version":[{"id":330,"href":"https:\/\/projetkellynoide.fr\/index.php\/wp-json\/wp\/v2\/pages\/88\/revisions\/330"}],"up":[{"embeddable":true,"href":"https:\/\/projetkellynoide.fr\/index.php\/wp-json\/wp\/v2\/pages\/29"}],"wp:attachment":[{"href":"https:\/\/projetkellynoide.fr\/index.php\/wp-json\/wp\/v2\/media?parent=88"}],"curies":[{"name":"wp","href":"https:\/\/api.w.org\/{rel}","templated":true}]}}