{"id":33,"date":"2025-08-21T09:49:35","date_gmt":"2025-08-21T09:49:35","guid":{"rendered":"http:\/\/projetv.cluster021.hosting.ovh.net\/?page_id=33"},"modified":"2025-12-30T13:48:31","modified_gmt":"2025-12-30T13:48:31","slug":"presentation","status":"publish","type":"page","link":"https:\/\/projetkellynoide.fr\/","title":{"rendered":"Pr\u00e9sentation"},"content":{"rendered":"\n<p>Depuis 2016, C\u00e9dric Plessiet et Kelly M\u00e9zino travaillent de concert \u00e0 mettre en valeur le principe de <em>repr\u00e9sentation num\u00e9rique<\/em>. Gr\u00e2ce aux notions et techniques d\u00e9velopp\u00e9es par l&rsquo;un, et \u00e0 l&rsquo;exp\u00e9rience de l&rsquo;image de l&rsquo;autre, le concept de \u00ab\u00a0double-autre\u00a0\u00bb s&rsquo;applique \u00e0 une entit\u00e9 nomm\u00e9e : La Kellynoide. M\u00e9lange de recherches, de cr\u00e9ation d&rsquo;outils et de disciplines crois\u00e9es, ce projet permet aujourd&rsquo;hui d&rsquo;\u00e9prouver des mod\u00e8les de cr\u00e9ations num\u00e9riques en mettant en relation l&rsquo;art traditionnel de la pose et celui, plus r\u00e9cent, du num\u00e9rique. Entre nouveau simulacre et r\u00e9alit\u00e9 virtuelle, les \u0153uvres et articles propos\u00e9s font \u00e9tat des \u00e9volutions techniques et rh\u00e9toriques des deux artistes. Au service de l\u2019\u0153uvre, et gr\u00e2ce au principe de recherche-cr\u00e9ation, l&rsquo;imaginaire se d\u00e9ploie.<\/p>\n\n\n\n<p>Artistes curieux et n\u00e9anmoins bien ancr\u00e9s dans leurs domaines respectifs, le th\u00e9\u00e2tre et les arts num\u00e9riques, Kelly M\u00e9zino et C\u00e9dric Plessiet se rencontrent au sein d\u2019un s\u00e9minaire organis\u00e9 \u00e0 l\u2019Universit\u00e9 Paris VIII en 2016. Loin d\u2019imaginer une collaboration p\u00e9renne, ils \u00e9changent d\u2019abord concernant les attendus du s\u00e9minaire, dans le but de r\u00e9aliser un avatar support de cours. L\u2019objectif, cr\u00e9er un personnage qui sera anim\u00e9 par les \u00e9tudiants, pour apprendre et questionner les notions d\u2019interaction et de jeu, m\u00ealant alors les deux disciplines. Au fur et \u00e0 mesure, les questionnements de chacun concernant les poses, les possibilit\u00e9s d\u2019incarnation, ou encore d\u2019immersion dans un environnement num\u00e9rique complexe font na\u00eetre des \u00e9changes fondateurs. Quelques tests sont faits pour am\u00e9liorer le rendu et rendre sensible un avatar mod\u00e8le\u2026 comment le rendre plus r\u00e9aliste et plus impactant&nbsp;? Comment chaque proposition pourrait changer notre rapport \u00e0 l\u2019esth\u00e9tique de l\u2019art num\u00e9rique&nbsp;?<\/p>\n\n\n\n<p>Ce travail a permis \u00e0 C\u00e9dric Plessiet, ayant d\u00e9j\u00e0 r\u00e9alis\u00e9 des \u0153uvres de proches et amis, d\u2019explorer le pouvoir des images de fa\u00e7on plus personnelle et approfondie, en s\u2019appuyant sur une mod\u00e8le s\u2019int\u00e9ressant \u00e9galement \u00e0 ces recherches. Interpell\u00e9e par l\u2019aspect technique de la r\u00e9alisation, et plus coutumi\u00e8re des shootings ou spectacles, Kelly M\u00e9zino se prend au jeu d\u2019un nouveau terrain d\u2019expression, en partageant les th\u00e9matiques et sujets de C\u00e9dric Plessiet.<\/p>\n\n\n\n<p>Depuis 2018, ils travaillent de concert \u00e0 d\u00e9velopper des outils, images, imaginaires s\u2019appuyant sur leur lien et leurs aspirations. La Kellynoide pourrait devenir une troisi\u00e8me voix, un mod\u00e8le \u00e0 part enti\u00e8re, soutien de leurs ambitions.<\/p>\n\n\n\n<div class=\"wp-block-columns is-layout-flex wp-container-core-columns-is-layout-9d6595d7 wp-block-columns-is-layout-flex\">\n<div class=\"wp-block-column is-layout-flow wp-block-column-is-layout-flow\" style=\"flex-basis:100%\"><div class=\"wp-block-cover plover-particles__block\">\n<img loading=\"lazy\" decoding=\"async\" width=\"1024\" height=\"576\" class=\"wp-block-cover__image-background wp-image-50 size-large\" alt=\"\" src=\"http:\/\/projetv.cluster021.hosting.ovh.net\/wp-content\/uploads\/2025\/08\/7-1024x576.png\" style=\"object-position:56% 27%\" data-object-fit=\"cover\" data-object-position=\"56% 27%\" srcset=\"https:\/\/projetkellynoide.fr\/wp-content\/uploads\/2025\/08\/7-1024x576.png 1024w, https:\/\/projetkellynoide.fr\/wp-content\/uploads\/2025\/08\/7-600x338.png 600w, https:\/\/projetkellynoide.fr\/wp-content\/uploads\/2025\/08\/7-300x169.png 300w, https:\/\/projetkellynoide.fr\/wp-content\/uploads\/2025\/08\/7-768x432.png 768w, https:\/\/projetkellynoide.fr\/wp-content\/uploads\/2025\/08\/7-1536x864.png 1536w, https:\/\/projetkellynoide.fr\/wp-content\/uploads\/2025\/08\/7.png 1920w\" sizes=\"auto, (max-width: 1024px) 100vw, 1024px\" \/><span aria-hidden=\"true\" class=\"wp-block-cover__background has-background-dim\" style=\"background-color:#000000\"><\/span><div class=\"wp-block-cover__inner-container is-layout-constrained wp-block-cover-is-layout-constrained\">\n<div class=\"wp-block-buttons alignfull is-content-justification-center is-layout-flex wp-container-core-buttons-is-layout-16018d1d wp-block-buttons-is-layout-flex\">\n<div class=\"wp-block-button has-custom-width wp-block-button__width-100 is-style-outline is-style-outline--1\"><a class=\"wp-block-button__link has-large-font-size has-custom-font-size wp-element-button\" href=\"http:\/\/projetkellynoide.fr\/index.php\/recherche\/ar\">Art Num&eacute;rique<\/a><\/div>\n<\/div>\n<\/div>\n<div id=\"plover-particles__canvas-effb41cb-a8a7-4d9e-ae86-523e049c0be5\" class=\"plover-particles__canvas\"><\/div>\n<\/div>\n<\/div>\n<\/div>\n\n\n\n<div class=\"wp-block-group\"><div class=\"wp-block-group__inner-container is-layout-constrained wp-block-group-is-layout-constrained\">\n<div class=\"wp-block-columns is-layout-flex wp-container-core-columns-is-layout-9d6595d7 wp-block-columns-is-layout-flex\">\n<div class=\"wp-block-column is-layout-flow wp-block-column-is-layout-flow\" style=\"flex-basis:100%\"><div class=\"wp-block-cover plover-particles__block\">\n<img loading=\"lazy\" decoding=\"async\" width=\"1024\" height=\"576\" class=\"wp-block-cover__image-background wp-image-49 size-large\" alt=\"\" src=\"http:\/\/projetv.cluster021.hosting.ovh.net\/wp-content\/uploads\/2025\/08\/8-1024x576.png\" data-object-fit=\"cover\" srcset=\"https:\/\/projetkellynoide.fr\/wp-content\/uploads\/2025\/08\/8-1024x576.png 1024w, https:\/\/projetkellynoide.fr\/wp-content\/uploads\/2025\/08\/8-600x338.png 600w, https:\/\/projetkellynoide.fr\/wp-content\/uploads\/2025\/08\/8-300x169.png 300w, https:\/\/projetkellynoide.fr\/wp-content\/uploads\/2025\/08\/8-768x432.png 768w, https:\/\/projetkellynoide.fr\/wp-content\/uploads\/2025\/08\/8-1536x864.png 1536w, https:\/\/projetkellynoide.fr\/wp-content\/uploads\/2025\/08\/8.png 1920w\" sizes=\"auto, (max-width: 1024px) 100vw, 1024px\" \/><span aria-hidden=\"true\" class=\"wp-block-cover__background has-background-dim\" style=\"background-color:#000000\"><\/span><div class=\"wp-block-cover__inner-container is-layout-flow wp-block-cover-is-layout-flow\">\n<div class=\"wp-block-buttons alignfull is-content-justification-center is-layout-flex wp-container-core-buttons-is-layout-16018d1d wp-block-buttons-is-layout-flex\">\n<div class=\"wp-block-button has-custom-width wp-block-button__width-100 is-style-outline is-style-outline--2\"><a class=\"wp-block-button__link has-large-font-size has-custom-font-size wp-element-button\" href=\"http:\/\/projetkellynoide.fr\/index.php\/recherche-2\/informatique-graphique-et-double-autre\/\">Informatique graphique<\/a><\/div>\n<\/div>\n<\/div>\n<div id=\"plover-particles__canvas-204b48b4-fb6c-4f95-a0a8-5442ca401a89\" class=\"plover-particles__canvas\"><\/div>\n<\/div>\n<\/div>\n<\/div>\n<\/div><\/div>\n\n\n\n<div class=\"wp-block-columns is-layout-flex wp-container-core-columns-is-layout-9d6595d7 wp-block-columns-is-layout-flex\">\n<div class=\"wp-block-column is-layout-flow wp-block-column-is-layout-flow\" style=\"flex-basis:100%\"><div class=\"wp-block-cover plover-particles__block\">\n<img loading=\"lazy\" decoding=\"async\" width=\"1024\" height=\"576\" class=\"wp-block-cover__image-background wp-image-46 size-large\" alt=\"\" src=\"http:\/\/projetv.cluster021.hosting.ovh.net\/wp-content\/uploads\/2025\/08\/5-1024x576.png\" data-object-fit=\"cover\" srcset=\"https:\/\/projetkellynoide.fr\/wp-content\/uploads\/2025\/08\/5-1024x576.png 1024w, https:\/\/projetkellynoide.fr\/wp-content\/uploads\/2025\/08\/5-600x338.png 600w, https:\/\/projetkellynoide.fr\/wp-content\/uploads\/2025\/08\/5-300x169.png 300w, https:\/\/projetkellynoide.fr\/wp-content\/uploads\/2025\/08\/5-768x432.png 768w, https:\/\/projetkellynoide.fr\/wp-content\/uploads\/2025\/08\/5-1536x864.png 1536w, https:\/\/projetkellynoide.fr\/wp-content\/uploads\/2025\/08\/5.png 1920w\" sizes=\"auto, (max-width: 1024px) 100vw, 1024px\" \/><span aria-hidden=\"true\" class=\"wp-block-cover__background has-background-dim\" style=\"background-color:#000000\"><\/span><div class=\"wp-block-cover__inner-container is-layout-flow wp-block-cover-is-layout-flow\">\n<div class=\"wp-block-buttons alignfull is-content-justification-center is-layout-flex wp-container-core-buttons-is-layout-16018d1d wp-block-buttons-is-layout-flex\">\n<div class=\"wp-block-button has-custom-width wp-block-button__width-100 is-style-outline is-style-outline--3\"><a class=\"wp-block-button__link has-large-font-size has-custom-font-size wp-element-button\" href=\"http:\/\/projetkellynoide.fr\/index.php\/creations\/\">Cr&eacute;ations<\/a><\/div>\n<\/div>\n<\/div>\n<div id=\"plover-particles__canvas-f3bccf00-5bc5-4c20-9f8f-39b70a7f9d27\" class=\"plover-particles__canvas\"><\/div>\n<\/div>\n<\/div>\n<\/div>\n\n\n\n<div class=\"wp-block-columns is-layout-flex wp-container-core-columns-is-layout-9d6595d7 wp-block-columns-is-layout-flex\">\n<div class=\"wp-block-column is-layout-flow wp-block-column-is-layout-flow\" style=\"flex-basis:20%\">\n<p>Kelly M\u00e9zino<\/p>\n<\/div>\n\n\n\n<div class=\"wp-block-column is-layout-flow wp-block-column-is-layout-flow\" style=\"flex-basis:66.66%\">\n<p><a href=\"https:\/\/lakyrielle.fr\/\">https:\/\/lakyrielle.fr\/<\/a><\/p>\n\n\n\n<p><a href=\"https:\/\/www.instagram.com\/kellymezino?igsh=bHdkZmp2eXoxeHVi\"> https:\/\/www.instagram.com\/kellymezino?igsh=bHdkZmp2eXoxeHVi<\/a><\/p>\n<\/div>\n<\/div>\n\n\n\n<div class=\"wp-block-columns is-layout-flex wp-container-core-columns-is-layout-9d6595d7 wp-block-columns-is-layout-flex\">\n<div class=\"wp-block-column is-layout-flow wp-block-column-is-layout-flow\" style=\"flex-basis:20%\">\n<p>C\u00e9dric Plessiet<\/p>\n<\/div>\n\n\n\n<div class=\"wp-block-column is-layout-flow wp-block-column-is-layout-flow\" style=\"flex-basis:66.66%\">\n<p><a href=\"https:\/\/cplessiet.fr\/\">https:\/\/cplessiet.fr\/<\/a><\/p>\n\n\n\n<p><a href=\"https:\/\/www.instagram.com\/ze_taupe?igsh=dWhocTA1ZWZib2I1\">https:\/\/www.instagram.com\/ze_taupe?igsh=dWhocTA1ZWZib2I1 <\/a><\/p>\n\n\n\n<p><a href=\"https:\/\/www.artstation.com\/artwork\/bKeA8g\">https:\/\/www.artstation.com\/artwork\/bKeA8g<\/a><\/p>\n<\/div>\n<\/div>\n\n\n\n<p><\/p>\n","protected":false},"excerpt":{"rendered":"<p>Depuis 2016, C\u00e9dric Plessiet et Kelly M\u00e9zino travaillent de concert \u00e0 mettre en valeur le principe de repr\u00e9sentation num\u00e9rique. Gr\u00e2ce<\/p>\n<p><a href=\"https:\/\/projetkellynoide.fr\/\" class=\"more-link\">Continue reading<span class=\"screen-reader-text\">Pr\u00e9sentation<\/span><\/a><\/p>\n","protected":false},"author":1,"featured_media":0,"parent":0,"menu_order":0,"comment_status":"closed","ping_status":"closed","template":"","meta":{"footnotes":""},"class_list":["post-33","page","type-page","status-publish","hentry"],"_links":{"self":[{"href":"https:\/\/projetkellynoide.fr\/index.php\/wp-json\/wp\/v2\/pages\/33","targetHints":{"allow":["GET"]}}],"collection":[{"href":"https:\/\/projetkellynoide.fr\/index.php\/wp-json\/wp\/v2\/pages"}],"about":[{"href":"https:\/\/projetkellynoide.fr\/index.php\/wp-json\/wp\/v2\/types\/page"}],"author":[{"embeddable":true,"href":"https:\/\/projetkellynoide.fr\/index.php\/wp-json\/wp\/v2\/users\/1"}],"replies":[{"embeddable":true,"href":"https:\/\/projetkellynoide.fr\/index.php\/wp-json\/wp\/v2\/comments?post=33"}],"version-history":[{"count":42,"href":"https:\/\/projetkellynoide.fr\/index.php\/wp-json\/wp\/v2\/pages\/33\/revisions"}],"predecessor-version":[{"id":370,"href":"https:\/\/projetkellynoide.fr\/index.php\/wp-json\/wp\/v2\/pages\/33\/revisions\/370"}],"wp:attachment":[{"href":"https:\/\/projetkellynoide.fr\/index.php\/wp-json\/wp\/v2\/media?parent=33"}],"curies":[{"name":"wp","href":"https:\/\/api.w.org\/{rel}","templated":true}]}}