{"id":26,"date":"2025-08-21T09:41:06","date_gmt":"2025-08-21T09:41:06","guid":{"rendered":"http:\/\/projetv.cluster021.hosting.ovh.net\/?page_id=26"},"modified":"2025-09-05T11:58:29","modified_gmt":"2025-09-05T11:58:29","slug":"oeuvres","status":"publish","type":"page","link":"https:\/\/projetkellynoide.fr\/index.php\/oeuvres\/","title":{"rendered":"\u0152uvres"},"content":{"rendered":"\n<p>Alliance de savoir-faire et de deux imaginations d\u00e9bordantes, le projet Kellynoide reprend les principes plus traditionnels de cr\u00e9ation et de composition. Diff\u00e9rents supports sont utilis\u00e9s pour v\u00e9hiculer \u00e9motions et sensations, avec la mise en avant de la relation artiste\/mod\u00e8le. En hommage \u00e0 la personnalit\u00e9 de Kiki de Montparnasse, plusieurs cr\u00e9ations (portraits fixes, animations, \u0153uvres interactives) reprennent avec l\u2019art num\u00e9rique, les codes de la plastique du corps.<\/p>\n\n\n\n<p>Une dimension symbolique se repr\u00e9sente pour questionner ou troubler le spectateur, cr\u00e9er une exp\u00e9rience personnelle avec une entit\u00e9 qui est souhait\u00e9e r\u00e9aliste, autonome, \u00e0 qui l\u2019on pourrait attribuer les caract\u00e9ristiques du vivant (tir\u00e9s d\u2019une personne existante). \u00c0 la fronti\u00e8re du r\u00e9el et du virtuel, les cr\u00e9ations impliquent une recherche sur la mod\u00e9lisation qui rendrait \u00ab&nbsp;concret&nbsp;\u00bb l\u2019impalpable.<\/p>\n","protected":false},"excerpt":{"rendered":"<p>Alliance de savoir-faire et de deux imaginations d\u00e9bordantes, le projet Kellynoide reprend les principes plus traditionnels de cr\u00e9ation et de<\/p>\n<p><a href=\"https:\/\/projetkellynoide.fr\/index.php\/oeuvres\/\" class=\"more-link\">Continue reading<span class=\"screen-reader-text\">\u0152uvres<\/span><\/a><\/p>\n","protected":false},"author":1,"featured_media":0,"parent":0,"menu_order":2,"comment_status":"closed","ping_status":"closed","template":"","meta":{"footnotes":""},"class_list":["post-26","page","type-page","status-publish","hentry"],"_links":{"self":[{"href":"https:\/\/projetkellynoide.fr\/index.php\/wp-json\/wp\/v2\/pages\/26","targetHints":{"allow":["GET"]}}],"collection":[{"href":"https:\/\/projetkellynoide.fr\/index.php\/wp-json\/wp\/v2\/pages"}],"about":[{"href":"https:\/\/projetkellynoide.fr\/index.php\/wp-json\/wp\/v2\/types\/page"}],"author":[{"embeddable":true,"href":"https:\/\/projetkellynoide.fr\/index.php\/wp-json\/wp\/v2\/users\/1"}],"replies":[{"embeddable":true,"href":"https:\/\/projetkellynoide.fr\/index.php\/wp-json\/wp\/v2\/comments?post=26"}],"version-history":[{"count":2,"href":"https:\/\/projetkellynoide.fr\/index.php\/wp-json\/wp\/v2\/pages\/26\/revisions"}],"predecessor-version":[{"id":270,"href":"https:\/\/projetkellynoide.fr\/index.php\/wp-json\/wp\/v2\/pages\/26\/revisions\/270"}],"wp:attachment":[{"href":"https:\/\/projetkellynoide.fr\/index.php\/wp-json\/wp\/v2\/media?parent=26"}],"curies":[{"name":"wp","href":"https:\/\/api.w.org\/{rel}","templated":true}]}}