{"id":143,"date":"2025-08-21T12:39:56","date_gmt":"2025-08-21T12:39:56","guid":{"rendered":"http:\/\/projetv.cluster021.hosting.ovh.net\/index.php\/presentation-english\/"},"modified":"2025-10-30T08:52:02","modified_gmt":"2025-10-30T08:52:02","slug":"presentation-english","status":"publish","type":"page","link":"https:\/\/projetkellynoide.fr\/index.php\/en\/presentation-english\/","title":{"rendered":"Presentation"},"content":{"rendered":"\n<p>Since 2016, C\u00e9dric Plessiet and Kelly M\u00e9zino have been working together to highlight the principle of digital representation. Drawing on the notions and techniques developed by one, and the visual experience of the other, the concept of the \u201cdouble-other\u201d takes shape in an entity named: the Kellynoide. A blend of research, tool-making, and cross-disciplinary approaches, this project explores new models of digital creation by bringing into dialogue the traditional art of posing with the more recent practices of the digital realm. Between new simulacrum and virtual reality, the works and articles they present reflect the technical and rhetorical evolutions of the two artists. In service of the artwork, and through the principle of research-creation, imagination unfolds.<\/p>\n\n\n\n<p>Curious artists yet firmly rooted in their respective fields\u2014Theatre and Digital Arts\u2014Kelly M\u00e9zino and C\u00e9dric Plessiet first met in 2016, during a seminar at Universit\u00e9 Paris VIII. Without imagining a long-term collaboration, they initially exchanged ideas around the seminar\u2019s goals: to design an avatar as a teaching tool. The aim was to create a character animated by students, allowing them to learn about and question concepts of interaction and play\u2014bringing their two disciplines into conversation. Gradually, their shared questions about posture, embodiment, and immersion in complex digital environments sparked foundational discussions. A few tests were carried out to improve the rendering and to make a model-avatar perceptible\u2026 How could it be made more realistic and more impactful? How might each proposal shift our relationship to the aesthetics of digital art?<\/p>\n\n\n\n<p>This work allowed C\u00e9dric Plessiet\u2014who had already created works featuring friends and relatives\u2014to explore the power of images in a more personal and profound way, working with a model equally invested in such research. Intrigued by the technical dimension of the process, and more accustomed to photo shoots and performances, Kelly M\u00e9zino embraced this new expressive terrain, engaging with the themes and questions raised by C\u00e9dric Plessiet.<\/p>\n\n\n\n<p>Since 2018, they have been developing tools, images, and imaginaries together, grounded in their bond and their aspirations. The Kellynoide may well become a third voice, a model in its own right, and a support for their shared ambitions.<\/p>\n\n\n\n<p>C\u00e9dric Plessiet&nbsp;: <a href=\"https:\/\/cplessiet.fr\/\">https:\/\/cplessiet.fr\/<\/a> &#8211; <a href=\"https:\/\/www.instagram.com\/ze_taupe?igsh=dWhocTA1ZWZib2I1\">https:\/\/www.instagram.com\/ze_taupe?igsh=dWhocTA1ZWZib2I1<\/a> &#8211; <a href=\"https:\/\/www.artstation.com\/artwork\/bKeA8g\">https:\/\/www.artstation.com\/artwork\/bKeA8g<\/a><\/p>\n\n\n\n<p>Kelly M\u00e9zino&nbsp;: <a href=\"https:\/\/lakyrielle.fr\/\">https:\/\/lakyrielle.fr\/<\/a> &#8211; <a href=\"https:\/\/www.instagram.com\/kellymezino?igsh=bHdkZmp2eXoxeHVi\">https:\/\/www.instagram.com\/kellymezino?igsh=bHdkZmp2eXoxeHVi<\/a><\/p>\n\n\n\n<div class=\"wp-block-columns is-layout-flex wp-container-core-columns-is-layout-9d6595d7 wp-block-columns-is-layout-flex\">\n<div class=\"wp-block-column is-layout-flow wp-block-column-is-layout-flow\" style=\"flex-basis:100%\"><div class=\"wp-block-cover plover-particles__block\">\n<img loading=\"lazy\" decoding=\"async\" width=\"1024\" height=\"576\" class=\"wp-block-cover__image-background wp-image-50 size-large\" alt=\"\" src=\"http:\/\/projetv.cluster021.hosting.ovh.net\/wp-content\/uploads\/2025\/08\/7-1024x576.png\" style=\"object-position:56% 27%\" data-object-fit=\"cover\" data-object-position=\"56% 27%\" srcset=\"https:\/\/projetkellynoide.fr\/wp-content\/uploads\/2025\/08\/7-1024x576.png 1024w, https:\/\/projetkellynoide.fr\/wp-content\/uploads\/2025\/08\/7-600x338.png 600w, https:\/\/projetkellynoide.fr\/wp-content\/uploads\/2025\/08\/7-300x169.png 300w, https:\/\/projetkellynoide.fr\/wp-content\/uploads\/2025\/08\/7-768x432.png 768w, https:\/\/projetkellynoide.fr\/wp-content\/uploads\/2025\/08\/7-1536x864.png 1536w, https:\/\/projetkellynoide.fr\/wp-content\/uploads\/2025\/08\/7.png 1920w\" sizes=\"auto, (max-width: 1024px) 100vw, 1024px\" \/><span aria-hidden=\"true\" class=\"wp-block-cover__background has-background-dim\" style=\"background-color:#000000\"><\/span><div class=\"wp-block-cover__inner-container is-layout-constrained wp-block-cover-is-layout-constrained\">\n<div class=\"wp-block-buttons alignfull is-content-justification-center is-layout-flex wp-container-core-buttons-is-layout-16018d1d wp-block-buttons-is-layout-flex\">\n<div class=\"wp-block-button has-custom-width wp-block-button__width-100 is-style-outline is-style-outline--1\"><a class=\"wp-block-button__link has-large-font-size has-custom-font-size wp-element-button\" href=\"http:\/\/projetkellynoide.fr\/index.php\/en\/artwork\/\">Artwork<\/a><\/div>\n<\/div>\n<\/div>\n<div id=\"plover-particles__canvas-effb41cb-a8a7-4d9e-ae86-523e049c0be5\" class=\"plover-particles__canvas\"><\/div>\n<\/div>\n<\/div>\n<\/div>\n\n\n\n<div class=\"wp-block-group\"><div class=\"wp-block-group__inner-container is-layout-constrained wp-block-group-is-layout-constrained\">\n<div class=\"wp-block-columns is-layout-flex wp-container-core-columns-is-layout-9d6595d7 wp-block-columns-is-layout-flex\">\n<div class=\"wp-block-column is-layout-flow wp-block-column-is-layout-flow\" style=\"flex-basis:100%\"><div class=\"wp-block-cover plover-particles__block\">\n<img loading=\"lazy\" decoding=\"async\" width=\"1024\" height=\"576\" class=\"wp-block-cover__image-background wp-image-49 size-large\" alt=\"\" src=\"http:\/\/projetv.cluster021.hosting.ovh.net\/wp-content\/uploads\/2025\/08\/8-1024x576.png\" data-object-fit=\"cover\" srcset=\"https:\/\/projetkellynoide.fr\/wp-content\/uploads\/2025\/08\/8-1024x576.png 1024w, https:\/\/projetkellynoide.fr\/wp-content\/uploads\/2025\/08\/8-600x338.png 600w, https:\/\/projetkellynoide.fr\/wp-content\/uploads\/2025\/08\/8-300x169.png 300w, https:\/\/projetkellynoide.fr\/wp-content\/uploads\/2025\/08\/8-768x432.png 768w, https:\/\/projetkellynoide.fr\/wp-content\/uploads\/2025\/08\/8-1536x864.png 1536w, https:\/\/projetkellynoide.fr\/wp-content\/uploads\/2025\/08\/8.png 1920w\" sizes=\"auto, (max-width: 1024px) 100vw, 1024px\" \/><span aria-hidden=\"true\" class=\"wp-block-cover__background has-background-dim\" style=\"background-color:#000000\"><\/span><div class=\"wp-block-cover__inner-container is-layout-flow wp-block-cover-is-layout-flow\">\n<div class=\"wp-block-buttons alignfull is-content-justification-center is-layout-flex wp-container-core-buttons-is-layout-16018d1d wp-block-buttons-is-layout-flex\">\n<div class=\"wp-block-button has-custom-width wp-block-button__width-100 is-style-outline is-style-outline--2\"><a class=\"wp-block-button__link has-large-font-size has-custom-font-size wp-element-button\" href=\"http:\/\/projetkellynoide.fr\/index.php\/en\/research\/computer-graphics-and-the-double-as-other\/\">Computer graphics<\/a><\/div>\n<\/div>\n<\/div>\n<div id=\"plover-particles__canvas-204b48b4-fb6c-4f95-a0a8-5442ca401a89\" class=\"plover-particles__canvas\"><\/div>\n<\/div>\n<\/div>\n<\/div>\n<\/div><\/div>\n\n\n\n<div class=\"wp-block-columns is-layout-flex wp-container-core-columns-is-layout-9d6595d7 wp-block-columns-is-layout-flex\">\n<div class=\"wp-block-column is-layout-flow wp-block-column-is-layout-flow\" style=\"flex-basis:100%\"><div class=\"wp-block-cover plover-particles__block\">\n<img loading=\"lazy\" decoding=\"async\" width=\"1024\" height=\"576\" class=\"wp-block-cover__image-background wp-image-46 size-large\" alt=\"\" src=\"http:\/\/projetv.cluster021.hosting.ovh.net\/wp-content\/uploads\/2025\/08\/5-1024x576.png\" data-object-fit=\"cover\" srcset=\"https:\/\/projetkellynoide.fr\/wp-content\/uploads\/2025\/08\/5-1024x576.png 1024w, https:\/\/projetkellynoide.fr\/wp-content\/uploads\/2025\/08\/5-600x338.png 600w, https:\/\/projetkellynoide.fr\/wp-content\/uploads\/2025\/08\/5-300x169.png 300w, https:\/\/projetkellynoide.fr\/wp-content\/uploads\/2025\/08\/5-768x432.png 768w, https:\/\/projetkellynoide.fr\/wp-content\/uploads\/2025\/08\/5-1536x864.png 1536w, https:\/\/projetkellynoide.fr\/wp-content\/uploads\/2025\/08\/5.png 1920w\" sizes=\"auto, (max-width: 1024px) 100vw, 1024px\" \/><span aria-hidden=\"true\" class=\"wp-block-cover__background has-background-dim\" style=\"background-color:#000000\"><\/span><div class=\"wp-block-cover__inner-container is-layout-flow wp-block-cover-is-layout-flow\">\n<div class=\"wp-block-buttons alignfull is-content-justification-center is-layout-flex wp-container-core-buttons-is-layout-16018d1d wp-block-buttons-is-layout-flex\">\n<div class=\"wp-block-button has-custom-width wp-block-button__width-100 is-style-outline is-style-outline--3\"><a class=\"wp-block-button__link has-large-font-size has-custom-font-size wp-element-button\" href=\"http:\/\/projetkellynoide.fr\/index.php\/en\/creation\/\">Creation<\/a><\/div>\n\n\n<\/div>\n<\/div>\n<div id=\"plover-particles__canvas-f3bccf00-5bc5-4c20-9f8f-39b70a7f9d27\" class=\"plover-particles__canvas\"><\/div>\n<\/div>\n<\/div>\n<\/div>\n\n\n\n<p><\/p>\n","protected":false},"excerpt":{"rendered":"<p>Since 2016, C\u00e9dric Plessiet and Kelly M\u00e9zino have been working together to highlight the principle of digital representation. Drawing on<\/p>\n<p><a href=\"https:\/\/projetkellynoide.fr\/index.php\/en\/presentation-english\/\" class=\"more-link\">Continue reading<span class=\"screen-reader-text\">Presentation<\/span><\/a><\/p>\n","protected":false},"author":1,"featured_media":0,"parent":0,"menu_order":0,"comment_status":"closed","ping_status":"closed","template":"","meta":{"footnotes":""},"class_list":["post-143","page","type-page","status-publish","hentry"],"_links":{"self":[{"href":"https:\/\/projetkellynoide.fr\/index.php\/wp-json\/wp\/v2\/pages\/143","targetHints":{"allow":["GET"]}}],"collection":[{"href":"https:\/\/projetkellynoide.fr\/index.php\/wp-json\/wp\/v2\/pages"}],"about":[{"href":"https:\/\/projetkellynoide.fr\/index.php\/wp-json\/wp\/v2\/types\/page"}],"author":[{"embeddable":true,"href":"https:\/\/projetkellynoide.fr\/index.php\/wp-json\/wp\/v2\/users\/1"}],"replies":[{"embeddable":true,"href":"https:\/\/projetkellynoide.fr\/index.php\/wp-json\/wp\/v2\/comments?post=143"}],"version-history":[{"count":4,"href":"https:\/\/projetkellynoide.fr\/index.php\/wp-json\/wp\/v2\/pages\/143\/revisions"}],"predecessor-version":[{"id":367,"href":"https:\/\/projetkellynoide.fr\/index.php\/wp-json\/wp\/v2\/pages\/143\/revisions\/367"}],"wp:attachment":[{"href":"https:\/\/projetkellynoide.fr\/index.php\/wp-json\/wp\/v2\/media?parent=143"}],"curies":[{"name":"wp","href":"https:\/\/api.w.org\/{rel}","templated":true}]}}